{"id":4096,"date":"2016-01-19T14:33:34","date_gmt":"2016-01-19T14:33:34","guid":{"rendered":"https:\/\/imperfel.com\/?page_id=4096"},"modified":"2016-04-11T11:34:01","modified_gmt":"2016-04-11T11:34:01","slug":"portefolio","status":"publish","type":"page","link":"https:\/\/imperfel.com\/?page_id=4096","title":{"rendered":"Portef\u00f3lio"},"content":{"rendered":"<p>[vc_row full_width=&#8221;stretch_row&#8221; wrap_container=&#8221;yes&#8221; is_section=&#8221;yes&#8221; section_skin=&#8221;tertiary&#8221; remove_margin_top=&#8221;yes&#8221; remove_margin_bottom=&#8221;yes&#8221; remove_border=&#8221;yes&#8221; css=&#8221;.vc_custom_1455721611526{margin-top: -20px !important;margin-bottom: 0px !important;border-bottom-width: 0px !important;padding-bottom: 0px !important;}&#8221;][vc_column css=&#8221;.vc_custom_1455710649607{margin-top: -20px !important;}&#8221;][vc_row_inner animation_type=&#8221;fadeInUp&#8221;][vc_column_inner width=&#8221;3\/4&#8243;][vc_custom_heading text=&#8221;Estamos preparados para realizar todo o tipo de <strong> Impermeabiliza\u00e7\u00f5es, Isolamentos e Revestimentos <\/strong>&#8221; font_container=&#8221;tag:div|font_size:25px|text_align:left|color:%232b2b2b|line_height:1.5em&#8221; google_fonts=&#8221;font_family:Open%20Sans%3A300%2C300italic%2Cregular%2Citalic%2C600%2C600italic%2C700%2C700italic%2C800%2C800italic|font_style:300%20light%20regular%3A300%3Anormal&#8221;][\/vc_column_inner][vc_column_inner el_class=&#8221;text-right&#8221; width=&#8221;1\/4&#8243;]<span id=\"creative-link-wrap-5995\" class=\"ult_main_cl ult-adjust-bottom-margin  \" >\n\t \t\t\t<span class=\"ult_cl_link_2  ult_crlink\" >\n\t\t\t\t\t<a  data-ultimate-target='#creative-link-wrap-5995 .ult_colorlink'  data-responsive-json-new='{\"font-size\":\"desktop:20px;tablet:16px;tablet_portrait:14px;mobile_landscape:14px;mobile:14px;\",\"line-height\":\"desktop:25px;tablet:18px;tablet_portrait:17px;mobile_landscape:17px;mobile:17px;\"}'  href = \"https:\/\/imperfel.com\/#contactos\" target='' class=\"ult_colorlink ult-responsive \" style=\"float:left;font-weight:normal; \"  data-textcolor=\"#ffffff\"data-texthover=\"#ffffff\"data-bgcolor=\"#60911b\"data-bghover=\"#60911b\"data-style=\"Style_2\" title=\"\">\n\t\t\t\t\t\t\n\t\t\t\t\t\t<span data-hover=\"Contacte-nos!\" style=\"color:#ffffff;;background:#60911b;;\" class=\"ult_btn10_span   vc_custom_1460373585419 \">Contacte-nos!<\/span>\n\t\t\t\t\t\t\n\t\t\t\t\t<\/a>\n\t\t\t\t<\/span>\n\t\t\t<\/span>[\/vc_column_inner][\/vc_row_inner][vc_empty_space height=&#8221;20px&#8221;][\/vc_column][\/vc_row][vc_row full_width=&#8221;stretch_row&#8221; is_section=&#8221;yes&#8221; section_skin=&#8221;dark&#8221; section_skin_scale=&#8221;scale-2&#8243; remove_margin_top=&#8221;yes&#8221; remove_margin_bottom=&#8221;yes&#8221; remove_padding_top=&#8221;yes&#8221; remove_padding_bottom=&#8221;yes&#8221; remove_border=&#8221;yes&#8221; el_id=&#8221;demos&#8221; animation_type=&#8221;fadeIn&#8221;][vc_column]<div class=\"porto-sort-filters \"><ul data-sort-id=\"portfolio\" class=\"nav nav-pills sort-source sort-source-style-2 text-center\"><li data-sort-by=\"original-order\" data-filter-by=\"*\" data-active=\"true\" class=\"active\"><a href=\"#\">TUDO<\/a><\/li><li data-sort-by=\"popular\" data-filter-by=\".revestimentos\"><a href=\"#\">COBERTURAS E REVESTIMENTOS<\/a><\/li><li data-sort-by=\"popular\" data-filter-by=\".impermeabilizacoes\"><a href=\"#\">IMPERMEABILIZA\u00c7\u00d5ES<\/a><\/li><li data-sort-by=\"popular\" data-filter-by=\".isolamentos\"><a href=\"#\">ISOLAMENTOS<\/a><\/li><li data-sort-by=\"popular\" data-filter-by=\".piscinas\"><a href=\"#\">PISCINAS E LAGOS<\/a><\/li><\/ul><\/div>[\/vc_column][\/vc_row][vc_row full_width=&#8221;stretch_row&#8221; is_section=&#8221;yes&#8221; section_skin=&#8221;parallax&#8221; remove_margin_top=&#8221;yes&#8221; remove_margin_bottom=&#8221;yes&#8221; bg_type=&#8221;bg_color&#8221; css=&#8221;.vc_custom_1456143421118{padding-right: 15px !important;padding-left: 15px !important;}&#8221; bg_color_value=&#8221;#fafafa&#8221;][vc_column]<div class=\"porto-sort-container \"><div class=\"row\" id=\"portfolio\"><div class=\"porto-sort-item  revestimentos text-center col-xl-3 col-lg-4 col-md-6 col-12\" data-popular=\"25\">[vc_video link=&#8221;https:\/\/vimeo.com\/156291282&#8243;][vc_column_text]<\/p>\n<h5>Santu\u00e1rio de Nossa Senhora da Assun\u00e7\u00e3o &#8211; Vila Flor<\/h5>\n<p>[\/vc_column_text]<\/div><div class=\"porto-sort-item  impermeabilizacoes text-center col-xl-3 col-lg-4 col-md-6 col-12\" data-popular=\"20\">[vc_single_image image=&#8221;4344&#8243; img_size=&#8221;large&#8221; onclick=&#8221;link_image&#8221; lightbox=&#8221;yes&#8221; zoom_icon=&#8221;yes&#8221; hover_effect=&#8221;yes&#8221;][vc_column_text]<\/p>\n<h5>Pormenor de trabalhos de impermeabiliza\u00e7\u00e3o<\/h5>\n<p>[\/vc_column_text]<\/div><div class=\"porto-sort-item  revestimentos text-center col-xl-3 col-lg-4 col-md-6 col-12\" data-popular=\"20\"><div id=\"ult-carousel-200078458069f6385874f04\" class=\"ult-carousel-wrapper   ult_horizontal\" data-gutter=\"0\" data-rtl=\"false\" ><div class=\"ult-carousel-197450306769f6385874ddf \" >[vc_single_image image=&#8221;4489&#8243; img_size=&#8221;large&#8221; onclick=&#8221;img_link_large&#8221; lightbox=&#8221;yes&#8221; image_gallery=&#8221;yes&#8221;][vc_single_image image=&#8221;4488&#8243; img_size=&#8221;large&#8221; onclick=&#8221;img_link_large&#8221; lightbox=&#8221;yes&#8221; image_gallery=&#8221;yes&#8221;]<\/div><\/div>            <script type=\"text\/javascript\">\n\t\t\t\tjQuery(document).ready(function($){\n               \t\t$('.ult-carousel-197450306769f6385874ddf').slick({dots: false,autoplaySpeed: 5000,speed: 300,infinite: false,arrows: false,slidesToScroll:1,slidesToShow:1,swipe: false,draggable: false,touchMove: true,responsive: [\n\t\t\t\t\t\t\t{\n\t\t\t\t\t\t\t  breakpoint: 1025,\n\t\t\t\t\t\t\t  settings: {\n\t\t\t\t\t\t\t\tslidesToShow: 1,\n\t\t\t\t\t\t\t\tslidesToScroll: 1,  \n\t\t\t\t\t\t\t  }\n\t\t\t\t\t\t\t},\n\t\t\t\t\t\t\t{\n\t\t\t\t\t\t\t  breakpoint: 769,\n\t\t\t\t\t\t\t  settings: {\n\t\t\t\t\t\t\t\tslidesToShow: 1,\n\t\t\t\t\t\t\t\tslidesToScroll: 1\n\t\t\t\t\t\t\t  }\n\t\t\t\t\t\t\t},\n\t\t\t\t\t\t\t{\n\t\t\t\t\t\t\t  breakpoint: 481,\n\t\t\t\t\t\t\t  settings: {\n\t\t\t\t\t\t\t\tslidesToShow: 1,\n\t\t\t\t\t\t\t\tslidesToScroll: 1\n\t\t\t\t\t\t\t  }\n\t\t\t\t\t\t\t}\n\t\t\t\t\t\t],pauseOnHover: true,\n\t\t\t\t\t\tpauseOnDotsHover: true,customPaging: function(slider, i) {\n                   return '<i type=\"button\" style=\"color:#333333;\" class=\"ultsl-record\" data-role=\"none\"><\/i>';\n                },});\n\t\t\t\t});\n\t\t\t<\/script>\n            [vc_column_text]<\/p>\n<h5>UTAD &#8211; Vila Real<\/h5>\n<p>[\/vc_column_text]<\/div><div class=\"porto-sort-item  revestimentos text-center col-xl-3 col-lg-4 col-md-6 col-12\" data-popular=\"20\">[vc_single_image image=&#8221;4487&#8243; img_size=&#8221;large&#8221; onclick=&#8221;img_link_large&#8221; lightbox=&#8221;yes&#8221; image_gallery=&#8221;yes&#8221; container_class=&#8221;vc_column&#8221;][vc_column_text]<\/p>\n<h5>Posto de abastecimento\u00a0 &#8211; Torre de Moncorvo<\/h5>\n<p>[\/vc_column_text]<\/div><div class=\"porto-sort-item  revestimentos text-center col-xl-3 col-lg-4 col-md-6 col-12\" data-popular=\"20\">[vc_single_image image=&#8221;4485&#8243; img_size=&#8221;large&#8221; onclick=&#8221;link_image&#8221; lightbox=&#8221;yes&#8221; image_gallery=&#8221;yes&#8221;][vc_column_text]<\/p>\n<h5>Pavilh\u00e3o desportivo &#8211; Valpa\u00e7os<\/h5>\n<p>[\/vc_column_text]<\/div><div class=\"porto-sort-item  impermeabilizacoes text-center col-xl-3 col-lg-4 col-md-6 col-12\" data-popular=\"25\">[vc_single_image image=&#8221;4483&#8243; img_size=&#8221;large&#8221; onclick=&#8221;link_image&#8221;][vc_column_text]<\/p>\n<h5>Estaleiros Navais &#8211; Viana do Castelo<\/h5>\n<p>[\/vc_column_text]<\/div><div class=\"porto-sort-item  revestimentos text-center col-xl-3 col-lg-4 col-md-6 col-12\" data-popular=\"25\">[vc_single_image image=&#8221;4484&#8243; img_size=&#8221;large&#8221; onclick=&#8221;link_image&#8221;][vc_column_text]<\/p>\n<h5>Museu da Cereja &#8211; Resende<\/h5>\n<p>[\/vc_column_text]<\/div><div class=\"porto-sort-item  revestimentos text-center col-xl-3 col-lg-4 col-md-6 col-12\" data-popular=\"25\">[vc_single_image image=&#8221;4482&#8243; img_size=&#8221;large&#8221; onclick=&#8221;link_image&#8221;][vc_column_text]<\/p>\n<h5>Centro escolar &#8211; Abrantes<\/h5>\n<p>[\/vc_column_text]<\/div><div class=\"porto-sort-item  revestimentos text-center col-xl-3 col-lg-4 col-md-6 col-12\" data-popular=\"25\">[vc_single_image image=&#8221;4481&#8243; img_size=&#8221;large&#8221; onclick=&#8221;link_image&#8221;][vc_column_text]<\/p>\n<h5>Centro escolar &#8211; Nespereira<\/h5>\n<p>[\/vc_column_text]<\/div><div class=\"porto-sort-item  revestimentos text-center col-xl-3 col-lg-4 col-md-6 col-12\" data-popular=\"25\">[vc_single_image image=&#8221;4482&#8243; img_size=&#8221;large&#8221; onclick=&#8221;link_image&#8221;][vc_column_text]<\/p>\n<h5>Centro escolar &#8211; Luso<\/h5>\n<p>[\/vc_column_text]<\/div><div class=\"porto-sort-item  revestimentos text-center col-xl-3 col-lg-4 col-md-6 col-12\" data-popular=\"25\">[vc_single_image image=&#8221;4411&#8243; img_size=&#8221;large&#8221; onclick=&#8221;link_image&#8221;][vc_column_text]<\/p>\n<h5>Edif\u00edcio Serralves &#8211; Porto<\/h5>\n<p>[\/vc_column_text]<\/div><div class=\"porto-sort-item  revestimentos text-center col-xl-3 col-lg-4 col-md-6 col-12\" data-popular=\"25\">[vc_single_image image=&#8221;4331&#8243; img_size=&#8221;large&#8221; onclick=&#8221;link_image&#8221;][vc_column_text]<\/p>\n<h5>Turismo Rural &#8211; Chaves<\/h5>\n<p>[\/vc_column_text]<\/div><div class=\"porto-sort-item  revestimentos text-center col-xl-3 col-lg-4 col-md-6 col-12\" data-popular=\"25\">[vc_single_image image=&#8221;4317&#8243; img_size=&#8221;large&#8221; onclick=&#8221;link_image&#8221;][vc_column_text]<\/p>\n<h5>Complexo Desportivo &#8211; Tarouca<\/h5>\n<p>[\/vc_column_text]<\/div><div class=\"porto-sort-item  revestimentos text-center col-xl-3 col-lg-4 col-md-6 col-12\" data-popular=\"25\">[vc_single_image image=&#8221;4327&#8243; img_size=&#8221;large&#8221; onclick=&#8221;link_image&#8221;][vc_column_text]<\/p>\n<h5>Centro Escolar &#8211; Oliveira do Douro &#8211; Cinf\u00e3es<\/h5>\n<p>[\/vc_column_text]<\/div><div class=\"porto-sort-item  impermeabilizacoes text-center col-xl-3 col-lg-4 col-md-6 col-12\" data-popular=\"20\">[vc_single_image image=&#8221;4350&#8243; img_size=&#8221;large&#8221; onclick=&#8221;link_image&#8221;][vc_column_text]<\/p>\n<h5>Pormenor de trabalhos de impermeabiliza\u00e7\u00e3o<\/h5>\n<p>[\/vc_column_text]<\/div><div class=\"porto-sort-item  isolamentos text-center col-xl-3 col-lg-4 col-md-6 col-12\" data-popular=\"25\">[vc_single_image image=&#8221;4343&#8243; img_size=&#8221;large&#8221; onclick=&#8221;link_image&#8221;][vc_column_text]<\/p>\n<h5>Pormenor de trabalhos de proje\u00e7\u00e3o de Poliuretano<\/h5>\n<p>[\/vc_column_text]<\/div><div class=\"porto-sort-item  impermeabilizacoes restauros text-center col-xl-3 col-lg-4 col-md-6 col-12\" data-popular=\"25\">[vc_single_image image=&#8221;4307&#8243; img_size=&#8221;large&#8221; onclick=&#8221;link_image&#8221;][vc_column_text]<\/p>\n<h5>Cobertura do Mercado Municipal &#8211; Matosinhos<\/h5>\n<p>[\/vc_column_text]<\/div><div class=\"porto-sort-item  revestimentos text-center col-xl-3 col-lg-4 col-md-6 col-12\" data-popular=\"25\">[vc_single_image image=&#8221;4321&#8243; img_size=&#8221;large&#8221; onclick=&#8221;link_image&#8221;][vc_column_text]<\/p>\n<h5>Cobertura Museu em Fafi\u00e3o &#8211; Montalegre<\/h5>\n<p>[\/vc_column_text]<\/div><div class=\"porto-sort-item  revestimentos text-center col-xl-3 col-lg-4 col-md-6 col-12\" data-popular=\"25\">[vc_single_image image=&#8221;4347&#8243; img_size=&#8221;large&#8221; onclick=&#8221;link_image&#8221;][vc_column_text]<\/p>\n<h5>Pormenor de cobertura em Zinco<\/h5>\n<p>[\/vc_column_text]<\/div><div class=\"porto-sort-item  piscinas text-center col-xl-3 col-lg-4 col-md-6 col-12\" data-popular=\"20\">[vc_single_image image=&#8221;4349&#8243; img_size=&#8221;large&#8221; onclick=&#8221;link_image&#8221;][vc_column_text]<\/p>\n<h5>Constru\u00e7\u00e3o de Piscina &#8211; Tela de PVC<\/h5>\n<p>[\/vc_column_text]<\/div><div class=\"porto-sort-item  revestimentos text-center col-xl-3 col-lg-4 col-md-6 col-12\" data-popular=\"20\">[vc_single_image image=&#8221;4312&#8243; img_size=&#8221;large&#8221; onclick=&#8221;link_image&#8221;][vc_column_text]<\/p>\n<h5>Cobertura de moradia &#8211; Bragado &#8211; Pedras Salgadas<\/h5>\n<p>[\/vc_column_text]<\/div><div class=\"porto-sort-item  revestimentos text-center col-xl-3 col-lg-4 col-md-6 col-12\" data-popular=\"20\">[vc_single_image image=&#8221;4332&#8243; img_size=&#8221;large&#8221; onclick=&#8221;link_image&#8221;][vc_column_text]<\/p>\n<h5>Piscinas Municipais &#8211; Armamar<\/h5>\n<p>[\/vc_column_text]<\/div><div class=\"porto-sort-item  isolamentos text-center col-xl-3 col-lg-4 col-md-6 col-12\" data-popular=\"20\">[vc_single_image image=&#8221;4351&#8243; img_size=&#8221;large&#8221; onclick=&#8221;link_image&#8221;][vc_column_text]<\/p>\n<h5>Proje\u00e7\u00e3o de poliuretano (isolamento)<\/h5>\n<p>[\/vc_column_text]<\/div><div class=\"porto-sort-item  revestimentos text-center col-xl-3 col-lg-4 col-md-6 col-12\" data-popular=\"20\">[vc_single_image image=&#8221;4313&#8243; img_size=&#8221;large&#8221; onclick=&#8221;link_image&#8221;][vc_column_text]<\/p>\n<h5>Pormenor de teto de moradia &#8211; Chaves<\/h5>\n<p>[\/vc_column_text]<\/div><div class=\"porto-sort-item  revestimentos text-center col-xl-3 col-lg-4 col-md-6 col-12\" data-popular=\"20\">[vc_single_image image=&#8221;4319&#8243; img_size=&#8221;large&#8221; onclick=&#8221;link_image&#8221;][vc_column_text]<\/p>\n<h5>Pormenor de claraboia &#8211; Centro Escolar &#8211; Luso<\/h5>\n<p>[\/vc_column_text]<\/div><div class=\"porto-sort-item  piscinas text-center col-xl-3 col-lg-4 col-md-6 col-12\" data-popular=\"30\">[vc_single_image image=&#8221;4348&#8243; img_size=&#8221;large&#8221; onclick=&#8221;link_image&#8221;][vc_column_text]<\/p>\n<h5>Piscina impermeabilizada com tela PVC<\/h5>\n<p>[\/vc_column_text]<\/div><div class=\"porto-sort-item  piscinas text-center col-xl-3 col-lg-4 col-md-6 col-12\" data-popular=\"25\">[vc_single_image image=&#8221;4322&#8243; img_size=&#8221;large&#8221; onclick=&#8221;link_image&#8221;][vc_column_text]<\/p>\n<h5>Lago de armazenamento de \u00e1gua &#8211; Ribeira de Pena<\/h5>\n<p>[\/vc_column_text]<\/div><div class=\"porto-sort-item  revestimentos text-center col-xl-3 col-lg-4 col-md-6 col-12\" data-popular=\"25\">[vc_single_image image=&#8221;4310&#8243; img_size=&#8221;large&#8221; onclick=&#8221;link_image&#8221;][vc_column_text]<\/p>\n<h5>Piscinas Municipais \u2013 Mirandela<\/h5>\n<p>[\/vc_column_text]<\/div><div class=\"porto-sort-item  revestimentos text-center col-xl-3 col-lg-4 col-md-6 col-12\" data-popular=\"25\">[vc_single_image image=&#8221;4391&#8243; img_size=&#8221;large&#8221; onclick=&#8221;link_image&#8221;][vc_column_text]<\/p>\n<h5>Piscinas Municipais e Audit\u00f3rio de Resende<\/h5>\n<p>[\/vc_column_text]<\/div><div class=\"porto-sort-item  revestimentos text-center col-xl-3 col-lg-4 col-md-6 col-12\" data-popular=\"25\">[vc_single_image image=&#8221;4392&#8243; img_size=&#8221;large&#8221; onclick=&#8221;link_image&#8221; lightbox=&#8221;yes&#8221; image_gallery=&#8221;yes&#8221; zoom_icon=&#8221;yes&#8221;][vc_column_text]<\/p>\n<h5>Cobertura em palco &#8211; Mirandela<\/h5>\n<p>[\/vc_column_text]<\/div><div class=\"porto-sort-item  revestimentos text-center col-xl-3 col-lg-4 col-md-6 col-12\" data-popular=\"25\">[vc_single_image image=&#8221;4397&#8243; img_size=&#8221;large&#8221; onclick=&#8221;link_image&#8221; lightbox=&#8221;yes&#8221; image_gallery=&#8221;yes&#8221; zoom_icon=&#8221;yes&#8221;][vc_column_text]<\/p>\n<h5>Pavilh\u00e3o Multiusos de Valpa\u00e7os<\/h5>\n<p>[\/vc_column_text]<\/div><div class=\"porto-sort-item  revestimentos text-center col-xl-3 col-lg-4 col-md-6 col-12\" data-popular=\"25\">[vc_single_image image=&#8221;4398&#8243; img_size=&#8221;large&#8221; onclick=&#8221;link_image&#8221; lightbox=&#8221;yes&#8221; image_gallery=&#8221;yes&#8221; zoom_icon=&#8221;yes&#8221;][vc_column_text]<\/p>\n<h5>Antigo Celeiro &#8211; Caldas de Aregos<\/h5>\n<p>[\/vc_column_text]<\/div><div class=\"porto-sort-item  impermeabilizacoes text-center col-xl-3 col-lg-4 col-md-6 col-12\" data-popular=\"25\">[vc_single_image image=&#8221;4403&#8243; img_size=&#8221;large&#8221; onclick=&#8221;link_image&#8221;][vc_column_text]<\/p>\n<h5>Pavilh\u00e3o Multiusos &#8211; Lamego<\/h5>\n<p>[\/vc_column_text]<\/div><div class=\"porto-sort-item  impermeabilizacoes text-center col-xl-3 col-lg-4 col-md-6 col-12\" data-popular=\"25\"><div id=\"ult-carousel-2350883569f6385875980\" class=\"ult-carousel-wrapper   ult_horizontal\" data-gutter=\"0\" data-rtl=\"false\" ><div class=\"ult-carousel-133000092369f6385875965 \" >[vc_single_image image=&#8221;4404&#8243; img_size=&#8221;large&#8221; onclick=&#8221;img_link_large&#8221; lightbox=&#8221;yes&#8221; image_gallery=&#8221;yes&#8221;][vc_single_image image=&#8221;4405&#8243; img_size=&#8221;large&#8221; onclick=&#8221;img_link_large&#8221; lightbox=&#8221;yes&#8221; image_gallery=&#8221;yes&#8221;][vc_single_image image=&#8221;4406&#8243; img_size=&#8221;large&#8221; onclick=&#8221;img_link_large&#8221; lightbox=&#8221;yes&#8221; image_gallery=&#8221;yes&#8221;][vc_single_image image=&#8221;4408&#8243; img_size=&#8221;large&#8221; onclick=&#8221;img_link_large&#8221; lightbox=&#8221;yes&#8221; image_gallery=&#8221;yes&#8221;]<\/div><\/div>            <script type=\"text\/javascript\">\n\t\t\t\tjQuery(document).ready(function($){\n               \t\t$('.ult-carousel-133000092369f6385875965').slick({dots: false,autoplaySpeed: 5000,speed: 300,infinite: false,arrows: false,slidesToScroll:1,slidesToShow:1,swipe: false,draggable: false,touchMove: true,responsive: [\n\t\t\t\t\t\t\t{\n\t\t\t\t\t\t\t  breakpoint: 1025,\n\t\t\t\t\t\t\t  settings: {\n\t\t\t\t\t\t\t\tslidesToShow: 1,\n\t\t\t\t\t\t\t\tslidesToScroll: 1,  \n\t\t\t\t\t\t\t  }\n\t\t\t\t\t\t\t},\n\t\t\t\t\t\t\t{\n\t\t\t\t\t\t\t  breakpoint: 769,\n\t\t\t\t\t\t\t  settings: {\n\t\t\t\t\t\t\t\tslidesToShow: 1,\n\t\t\t\t\t\t\t\tslidesToScroll: 1\n\t\t\t\t\t\t\t  }\n\t\t\t\t\t\t\t},\n\t\t\t\t\t\t\t{\n\t\t\t\t\t\t\t  breakpoint: 481,\n\t\t\t\t\t\t\t  settings: {\n\t\t\t\t\t\t\t\tslidesToShow: 1,\n\t\t\t\t\t\t\t\tslidesToScroll: 1\n\t\t\t\t\t\t\t  }\n\t\t\t\t\t\t\t}\n\t\t\t\t\t\t],pauseOnHover: true,\n\t\t\t\t\t\tpauseOnDotsHover: true,customPaging: function(slider, i) {\n                   return '<i type=\"button\" style=\"color:#333333;\" class=\"ultsl-record\" data-role=\"none\"><\/i>';\n                },});\n\t\t\t\t});\n\t\t\t<\/script>\n            [vc_column_text]<\/p>\n<h5>Centro de Alto Rendimento do Remo &#8211; Pocinho<\/h5>\n<p>[\/vc_column_text]<\/div><\/div><\/div>[\/vc_column][\/vc_row][vc_row][vc_column][vc_empty_space height=&#8221;100px&#8221;][\/vc_column][\/vc_row]<\/p>\n","protected":false},"excerpt":{"rendered":"<p>[vc_row full_width=&#8221;stretch_row&#8221; wrap_container=&#8221;yes&#8221; is_section=&#8221;yes&#8221; section_skin=&#8221;tertiary&#8221; remove_margin_top=&#8221;yes&#8221; remove_margin_bottom=&#8221;yes&#8221; remove_border=&#8221;yes&#8221; css=&#8221;.vc_custom_1455721611526{margin-top: -20px !important;margin-bottom: 0px !important;border-bottom-width: 0px !important;padding-bottom: 0px !important;}&#8221;][vc_column css=&#8221;.vc_custom_1455710649607{margin-top: -20px !important;}&#8221;][vc_row_inner animation_type=&#8221;fadeInUp&#8221;][vc_column_inner width=&#8221;3\/4&#8243;][vc_custom_heading text=&#8221;Estamos preparados para realizar todo o tipo de Impermeabiliza\u00e7\u00f5es, Isolamentos e Revestimentos &#8221; font_container=&#8221;tag:div|font_size:25px|text_align:left|color:%232b2b2b|line_height:1.5em&#8221; google_fonts=&#8221;font_family:Open%20Sans%3A300%2C300italic%2Cregular%2Citalic%2C600%2C600italic%2C700%2C700italic%2C800%2C800italic|font_style:300%20light%20regular%3A300%3Anormal&#8221;][\/vc_column_inner][vc_column_inner el_class=&#8221;text-right&#8221; width=&#8221;1\/4&#8243;][\/vc_column_inner][\/vc_row_inner][vc_empty_space height=&#8221;20px&#8221;][\/vc_column][\/vc_row][vc_row full_width=&#8221;stretch_row&#8221; is_section=&#8221;yes&#8221; section_skin=&#8221;dark&#8221; section_skin_scale=&#8221;scale-2&#8243; remove_margin_top=&#8221;yes&#8221; remove_margin_bottom=&#8221;yes&#8221; remove_padding_top=&#8221;yes&#8221; remove_padding_bottom=&#8221;yes&#8221; remove_border=&#8221;yes&#8221; el_id=&#8221;demos&#8221; animation_type=&#8221;fadeIn&#8221;][vc_column][\/vc_column][\/vc_row][vc_row full_width=&#8221;stretch_row&#8221; is_section=&#8221;yes&#8221; section_skin=&#8221;parallax&#8221; remove_margin_top=&#8221;yes&#8221; [&hellip;]<\/p>\n","protected":false},"author":2,"featured_media":0,"parent":0,"menu_order":0,"comment_status":"open","ping_status":"open","template":"","meta":{"footnotes":""},"class_list":["post-4096","page","type-page","status-publish","hentry"],"_links":{"self":[{"href":"https:\/\/imperfel.com\/index.php?rest_route=\/wp\/v2\/pages\/4096","targetHints":{"allow":["GET"]}}],"collection":[{"href":"https:\/\/imperfel.com\/index.php?rest_route=\/wp\/v2\/pages"}],"about":[{"href":"https:\/\/imperfel.com\/index.php?rest_route=\/wp\/v2\/types\/page"}],"author":[{"embeddable":true,"href":"https:\/\/imperfel.com\/index.php?rest_route=\/wp\/v2\/users\/2"}],"replies":[{"embeddable":true,"href":"https:\/\/imperfel.com\/index.php?rest_route=%2Fwp%2Fv2%2Fcomments&post=4096"}],"version-history":[{"count":29,"href":"https:\/\/imperfel.com\/index.php?rest_route=\/wp\/v2\/pages\/4096\/revisions"}],"predecessor-version":[{"id":4494,"href":"https:\/\/imperfel.com\/index.php?rest_route=\/wp\/v2\/pages\/4096\/revisions\/4494"}],"wp:attachment":[{"href":"https:\/\/imperfel.com\/index.php?rest_route=%2Fwp%2Fv2%2Fmedia&parent=4096"}],"curies":[{"name":"wp","href":"https:\/\/api.w.org\/{rel}","templated":true}]}}