{"id":4504,"date":"2018-05-24T16:15:20","date_gmt":"2018-05-24T16:15:20","guid":{"rendered":"https:\/\/imperfel.com\/?page_id=4504"},"modified":"2018-05-24T16:26:50","modified_gmt":"2018-05-24T16:26:50","slug":"politica-de-privacidade","status":"publish","type":"page","link":"https:\/\/imperfel.com\/?page_id=4504","title":{"rendered":"Pol\u00edtica de Privacidade"},"content":{"rendered":"<p>[vc_row][vc_column][vc_empty_space height=&#8221;40px&#8221;][vc_column_text el_class=&#8221;featured lead&#8221;]A <strong>IMPERFEL <\/strong>agradece a sua visita a este website e compromete-se a respeitar a privacidade e seguran\u00e7a dos dados facultados pelos seus utilizadores.<\/p>\n<p>[\/vc_column_text][vc_column_text]<strong>RECOLHA, TRATAMENTO E COMUNICA\u00c7\u00c3O DE DADOS<\/strong><\/p>\n<p>A presente website n\u00e3o exige que o utilizador disponibilize qualquer tipo de informa\u00e7\u00e3o para o visitar.\u00a0No entanto existem \u00e1reas do site nas quais o utilizador pode fornecer alguns dados pessoais, nomeadamente quando preenche formul\u00e1rios, onde \u00e9 necess\u00e1rio colocar o endere\u00e7o de e-mail, o nome e um telefone ou telem\u00f3vel, para que possa usufruir dos servi\u00e7os que lhe s\u00e3o disponibilizados por esses mesmos formul\u00e1rios.<\/p>\n<p>Os dados pessoais recolhidos s\u00e3o processados e armazenados informaticamente pela <strong>IMPERFEL <\/strong>ou pelas entidades por esta subcontratadas e ser\u00e3o utilizados apenas para dar resposta aos contactos estabelecidos atrav\u00e9s do preenchimento dos formul\u00e1rios.<\/p>\n<p>A<strong> IMPERFEL <\/strong>assume que os dados recolhidos foram inseridos pelo respetivo titular e que a sua inser\u00e7\u00e3o \u00e9 consentida\/autorizada pelo mesmo, sendo estes verdadeiros e exatos.<\/p>\n<p>Os dados pessoais recolhidos ser\u00e3o conservados de forma a permitir a sua identifica\u00e7\u00e3o apenas durante o per\u00edodo necess\u00e1rio para a prossecu\u00e7\u00e3o das finalidades de recolha ou do tratamento posterior, findo o qual os mesmos ser\u00e3o eliminados.<\/p>\n<p>A <strong>IMPERFEL<\/strong> poder\u00e1 comunicar os seus dados pessoais a terceiros desde que para o efeito tenha obtido de forma inequ\u00edvoca o consentimento dos Utilizadores ou ainda quando:<\/p>\n<ul>\n<li>a transmiss\u00e3o seja efetuada no \u00e2mbito do cumprimento de uma obriga\u00e7\u00e3o legal, de uma delibera\u00e7\u00e3o da Comiss\u00e3o Nacional de Prote\u00e7\u00e3o de Dados ou de uma ordem judicial;<\/li>\n<li>a comunica\u00e7\u00e3o seja levada a cabo para proteger interesses vitais dos utilizadores ou qualquer outra finalidade leg\u00edtima prevista na lei.<\/li>\n<\/ul>\n<p>O consentimento prestado para o tratamento de dados pessoais pelo Utilizador poder\u00e1 ser revogado a todo o momento. Para revogar o consentimento do tratamento dos seus dados pessoais para as finalidades enunciadas, ou para exercer os seus direitos de acesso, retifica\u00e7\u00e3o, oposi\u00e7\u00e3o, apagamento, limita\u00e7\u00e3o e portabilidade, dever\u00e1 manifestar a sua vontade por escrito para o endere\u00e7o de e-mail: geral@imperfel.pt<\/p>\n<p><strong>SEGURAN\u00c7A<\/strong><\/p>\n<p>A <strong>IMPERFEL<\/strong> desenvolve os seus melhores esfor\u00e7os para proteger os dados pessoais dos Utilizadores contra acessos n\u00e3o autorizados atrav\u00e9s da Internet. Para o efeito utiliza sistemas de seguran\u00e7a, regras e outros procedimentos, de modo a garantir a prote\u00e7\u00e3o dos dados pessoais, bem como para prevenir o acesso n\u00e3o autorizado aos dados, o uso impr\u00f3prio, a sua divulga\u00e7\u00e3o, perda ou destrui\u00e7\u00e3o.<\/p>\n<p>\u00c9, no entanto, da responsabilidade do utilizador garantir e assegurar que o computador que est\u00e1 a utilizar para aceder ao nosso website se encontra adequadamente protegido contra softwares nocivos, v\u00edrus inform\u00e1ticos e worms. Adicionalmente, dever\u00e1 estar ciente de que, sem a ado\u00e7\u00e3o de medidas de seguran\u00e7a adequadas (utiliza\u00e7\u00e3o de um programa de navega\u00e7\u00e3o e um antiv\u00edrus atualizado assim como o recurso a software de origem fidedigna), o risco de os dados pessoais e passwords serem acedidos por terceiros, sem autoriza\u00e7\u00e3o para tal, \u00e9 agravado.<\/p>\n<p>No entanto, note-se que, sempre que a recolha de dados seja realizada em redes abertas, como a Internet, os seus dados poder\u00e3o circular sem condi\u00e7\u00f5es de seguran\u00e7a, existindo o risco de serem vistos e utilizados por terceiros n\u00e3o autorizados.<\/p>\n<p><strong>REDES SOCIAIS <\/strong><\/p>\n<p>Tamb\u00e9m disponibilizamos atrav\u00e9s das nossas p\u00e1ginas nas redes sociais um suporte personalizado e abrangente e a possibilidade de se manter em contacto connosco. Estes servi\u00e7os de m\u00eddias sociais recolhem eles mesmo dados pessoais, por exemplo atrav\u00e9s do seu perfil a\u00ed criado ou atrav\u00e9s dos chamados Plug-ins sociais, que s\u00e3o implementados nas p\u00e1ginas web de terceiros. Se nos enviar um pedido atrav\u00e9s de uma destas redes sociais, encaminharemos o pedido para o departamento respons\u00e1vel. Os dados ser\u00e3o utilizados exclusivamente para responder ao seu pedido e n\u00e3o ser\u00e3o transmitidos a terceiros. Para poder entrar em contacto connosco atrav\u00e9s destas redes sociais, tem de se registar nestes servi\u00e7os. Neste caso, a empresa respons\u00e1vel pelo respetivo servi\u00e7o poder\u00e1 recolher, guardar e utilizar dados pessoais. N\u00e3o temos qualquer influ\u00eancia sobre o tipo, \u00e2mbito e processamento destes dados.<\/p>\n<p><strong>ALTERA\u00c7\u00d5ES \u00c0 POL\u00cdTICA DE PRIVACIDADE<\/strong><\/p>\n<p>A <strong>IMPERFEL<\/strong> reserva-se o direito de, a todo o momento e sem aviso pr\u00e9vio e com efeitos imediatos, alterar, acrescentar ou revogar, parcial ou totalmente, a presente Pol\u00edtica de Privacidade. Quaisquer altera\u00e7\u00f5es ser\u00e3o imediatamente divulgadas nesta mesma p\u00e1gina online. Solicitamos aos Utilizadores que revejam periodicamente este documento para se manterem atualizados.[\/vc_column_text][\/vc_column][\/vc_row]<\/p>\n","protected":false},"excerpt":{"rendered":"<p>[vc_row][vc_column][vc_empty_space height=&#8221;40px&#8221;][vc_column_text el_class=&#8221;featured lead&#8221;]A IMPERFEL agradece a sua visita a este website e compromete-se a respeitar a privacidade e seguran\u00e7a dos dados facultados pelos seus utilizadores. [\/vc_column_text][vc_column_text]RECOLHA, TRATAMENTO E COMUNICA\u00c7\u00c3O DE DADOS A presente website n\u00e3o exige que o utilizador disponibilize qualquer tipo de informa\u00e7\u00e3o para o visitar.\u00a0No entanto existem \u00e1reas do site nas quais [&hellip;]<\/p>\n","protected":false},"author":2,"featured_media":0,"parent":0,"menu_order":0,"comment_status":"open","ping_status":"open","template":"","meta":{"footnotes":""},"class_list":["post-4504","page","type-page","status-publish","hentry"],"_links":{"self":[{"href":"https:\/\/imperfel.com\/index.php?rest_route=\/wp\/v2\/pages\/4504","targetHints":{"allow":["GET"]}}],"collection":[{"href":"https:\/\/imperfel.com\/index.php?rest_route=\/wp\/v2\/pages"}],"about":[{"href":"https:\/\/imperfel.com\/index.php?rest_route=\/wp\/v2\/types\/page"}],"author":[{"embeddable":true,"href":"https:\/\/imperfel.com\/index.php?rest_route=\/wp\/v2\/users\/2"}],"replies":[{"embeddable":true,"href":"https:\/\/imperfel.com\/index.php?rest_route=%2Fwp%2Fv2%2Fcomments&post=4504"}],"version-history":[{"count":3,"href":"https:\/\/imperfel.com\/index.php?rest_route=\/wp\/v2\/pages\/4504\/revisions"}],"predecessor-version":[{"id":4509,"href":"https:\/\/imperfel.com\/index.php?rest_route=\/wp\/v2\/pages\/4504\/revisions\/4509"}],"wp:attachment":[{"href":"https:\/\/imperfel.com\/index.php?rest_route=%2Fwp%2Fv2%2Fmedia&parent=4504"}],"curies":[{"name":"wp","href":"https:\/\/api.w.org\/{rel}","templated":true}]}}